{"id":26,"date":"2013-11-17T01:09:07","date_gmt":"2013-11-16T23:09:07","guid":{"rendered":"http:\/\/www.jsberlin.org\/?page_id=26"},"modified":"2013-12-04T21:20:35","modified_gmt":"2013-12-04T19:20:35","slug":"so-wuensche-ich-mir-meine-neue-schule","status":"publish","type":"page","link":"http:\/\/www.jsberlin.org\/?page_id=26","title":{"rendered":"So w\u00fcnsche ich mir meine neue Schule&#8230;."},"content":{"rendered":"<p><a href=\"http:\/\/www.jsberlin.org\/wp-content\/uploads\/2013\/12\/1312-JSB-Plakat-A2_cs6.jpg\"><img loading=\"lazy\" decoding=\"async\" class=\"alignright  wp-image-61\" alt=\"1312-JSB-Plakat-A2_cs6\" src=\"http:\/\/www.jsberlin.org\/wp-content\/uploads\/2013\/12\/1312-JSB-Plakat-A2_cs6.jpg\" width=\"401\" height=\"567\" \/><\/a>Sch\u00fclerinnen und Sch\u00fcler der Johannes-Schule Berlin<br \/>\nmalen ihre zuk\u00fcnftige Schule,<br \/>\nHerbst 2013<\/p>\n<p><b>Schenken Sie einen Baustein \u2013 Zuk\u00fcnftige Schule \u2013<br \/>\n<\/b>Seit Jahren platzt unsere Schule an der Bundesallee aus allen N\u00e4hten. Durch au\u00dfergew\u00f6hnliches Engagement ist es schlie\u00dflich gelungen, eine gro\u00dfe Freifl\u00e4che mitten in Berlin-Sch\u00f6neberg zu kaufen. In einem Architektenwettbewerb wird nach \u00f6kologischen und sozialen Gesichtspunkten ein innovativer und vernetzter Waldorfcampus entwickelt. Ab 2014 bauen wir gemeinsam mit der Emil-Molt-Akademie und der Freien Fachschule f\u00fcr Sozialp\u00e4dagogik einen vielf\u00e4ltigen Ort f\u00fcr Bildung, Entwicklung und Kreativit\u00e4t f\u00fcr Kindergarten- und Schulkinder, junge Erwachsene und Auszubildende.<\/p>\n<p><b>Werden Sie Teil dieser Initiative<br \/>\n<\/b>Gro\u00dfm\u00fctter, Gro\u00dfv\u00e4ter, Paten, Tanten, Onkel, Verwandte, Freunde, Nachbarn und begeisterte Menschen k\u00f6nnen die Schulgemeinschaft ma\u00dfgeblich durch viele gro\u00dfe und kleine Spenden unterst\u00fctzen. Nur gemeinsam k\u00f6nnen wir die neue Schule in der Monumentenstra\u00dfe bauen \u2013 f\u00fcr unsere Kinder und zuk\u00fcnftige Generationen.<\/p>\n<p><b>Jeder Euro z\u00e4hlt<br \/>\n<\/b>Freunde der Johannes Schule e.V.<br \/>\nKontonummer 400 414 72 00 \u00a0| \u00a0GLS Gemeinschaftsbank eG \u00a0| \u00a0BLZ 43060967<br \/>\nKennwort: Ein Baustein Schule<\/p>\n<p style=\"font-size: 10px;\">Wir stellen Ihnen f\u00fcr Betr\u00e4ge \u00fcber 100 Euro oder auf Wunsch eine Spendenbescheinigung aus, wenn Sie Name und Adresse anf\u00fchren. F\u00fcr kleinere Betr\u00e4ge ist der \u00dcberweisungsbeleg oder Kontoauszug als Nachweis beim Finanzamt ausreichend.<\/p>\n<p>Bei Angabe einer Emailadresse halten wir Sie gerne weiter \u00fcber das Projekt informiert.<\/p>\n<p><a href=\"mailto:freunde@johannes-schule-berlin.de\">freunde@johannes-schule-berlin.de<\/a> \u00a0\u00a0\u00a0\u00a0\u00a0\u00a0 <a href=\"http:\/\/www.waldorfcampus.de\/\">www.waldorfcampus.de<\/a><\/p>\n<p>Vielen Dank f\u00fcr Ihre Unterst\u00fctzung!<\/p>\nngg_shortcode_0_placeholder\n","protected":false},"excerpt":{"rendered":"<p>Sch\u00fclerinnen und Sch\u00fcler der Johannes-Schule Berlin malen ihre zuk\u00fcnftige Schule, Herbst 2013 Schenken Sie einen Baustein \u2013 Zuk\u00fcnftige Schule \u2013 Seit Jahren platzt unsere Schule an der Bundesallee aus allen N\u00e4hten. Durch au\u00dfergew\u00f6hnliches Engagement ist es schlie\u00dflich gelungen, eine gro\u00dfe Freifl\u00e4che mitten in Berlin-Sch\u00f6neberg zu kaufen. In einem Architektenwettbewerb wird nach \u00f6kologischen und sozialen Gesichtspunkten [&hellip;]<\/p>\n","protected":false},"author":1,"featured_media":0,"parent":0,"menu_order":0,"comment_status":"open","ping_status":"open","template":"page-templates\/full-width.php","meta":{"ngg_post_thumbnail":0,"footnotes":""},"class_list":["post-26","page","type-page","status-publish","hentry"],"_links":{"self":[{"href":"http:\/\/www.jsberlin.org\/index.php?rest_route=\/wp\/v2\/pages\/26","targetHints":{"allow":["GET"]}}],"collection":[{"href":"http:\/\/www.jsberlin.org\/index.php?rest_route=\/wp\/v2\/pages"}],"about":[{"href":"http:\/\/www.jsberlin.org\/index.php?rest_route=\/wp\/v2\/types\/page"}],"author":[{"embeddable":true,"href":"http:\/\/www.jsberlin.org\/index.php?rest_route=\/wp\/v2\/users\/1"}],"replies":[{"embeddable":true,"href":"http:\/\/www.jsberlin.org\/index.php?rest_route=%2Fwp%2Fv2%2Fcomments&post=26"}],"version-history":[{"count":19,"href":"http:\/\/www.jsberlin.org\/index.php?rest_route=\/wp\/v2\/pages\/26\/revisions"}],"predecessor-version":[{"id":32,"href":"http:\/\/www.jsberlin.org\/index.php?rest_route=\/wp\/v2\/pages\/26\/revisions\/32"}],"wp:attachment":[{"href":"http:\/\/www.jsberlin.org\/index.php?rest_route=%2Fwp%2Fv2%2Fmedia&parent=26"}],"curies":[{"name":"wp","href":"https:\/\/api.w.org\/{rel}","templated":true}]}}